{"id":8671,"date":"2023-12-05T14:32:03","date_gmt":"2023-12-05T13:32:03","guid":{"rendered":"https:\/\/edu-staging.millywilly.website\/?page_id=8671"},"modified":"2026-02-02T16:13:02","modified_gmt":"2026-02-02T15:13:02","slug":"mentions-legales","status":"publish","type":"page","link":"https:\/\/educationsuisse.ch\/fr\/impressum\/","title":{"rendered":"Mentions l\u00e9gales"},"content":{"rendered":"<div data-elementor-type=\"wp-page\" data-elementor-id=\"8671\" class=\"elementor elementor-8671\" data-elementor-post-type=\"page\">\n\t\t\t\t<div class=\"elementor-element elementor-element-6b5f9dd e-flex e-con-boxed e-con e-parent\" data-id=\"6b5f9dd\" data-element_type=\"container\" data-e-type=\"container\" data-settings=\"{&quot;background_background&quot;:&quot;classic&quot;}\">\n\t\t\t\t\t<div class=\"e-con-inner\">\n\t\t<div class=\"elementor-element elementor-element-7a2da88 e-con-full e-flex e-con e-child\" data-id=\"7a2da88\" data-element_type=\"container\" data-e-type=\"container\">\n\t\t\t\t<div class=\"elementor-element elementor-element-f4a5b3c elementor-widget elementor-widget-theme-post-title elementor-page-title elementor-widget-heading\" data-id=\"f4a5b3c\" data-element_type=\"widget\" data-e-type=\"widget\" data-widget_type=\"theme-post-title.default\">\n\t\t\t\t<div class=\"elementor-widget-container\">\n\t\t\t\t\t<h1 class=\"elementor-heading-title elementor-size-default\">Mentions l\u00e9gales<\/h1>\t\t\t\t<\/div>\n\t\t\t\t<\/div>\n\t\t\t\t<\/div>\n\t\t<div class=\"dce-visibility-event elementor-element elementor-element-3e5ce96 e-con-full e-flex e-con e-child\" data-id=\"3e5ce96\" data-element_type=\"container\" data-e-type=\"container\" data-settings=\"{&quot;enabled_visibility&quot;:&quot;yes&quot;,&quot;dce_visibility_selected&quot;:&quot;yes&quot;}\">\n\t\t\t\t<\/div>\n\t\t\t\t\t<\/div>\n\t\t\t\t<\/div>\n\t\t<div class=\"elementor-element elementor-element-35a7745 e-flex e-con-boxed e-con e-parent\" data-id=\"35a7745\" data-element_type=\"container\" data-e-type=\"container\">\n\t\t\t\t\t<div class=\"e-con-inner\">\n\t\t\t\t<div class=\"elementor-element elementor-element-6ebd24f elementor-widget__width-initial elementor-widget elementor-widget-text-editor\" data-id=\"6ebd24f\" data-element_type=\"widget\" data-e-type=\"widget\" data-widget_type=\"text-editor.default\">\n\t\t\t\t<div class=\"elementor-widget-container\">\n\t\t\t\t\t\t\t\t\t<h3 class=\"headLine\"><strong>educationsuisse<\/strong><\/h3><p>Alpenstrasse 26<br \/>3006 Berne<br \/>Suisse<\/p><p>+41 (0)31 356 61 33<br \/><a href=\"mailto:office@educationsuisse.ch\">Courrier<\/a><\/p><p class=\"headLine\"><strong>IDE<\/strong><br \/>CHE-299.701.673<\/p><h3><strong>Conception et r\u00e9alisation<\/strong><\/h3><p>millefeuilles ag<br \/>Bonnstrasse 18<br \/>3186 D\u00fcdingen<\/p><div id=\"spaceAfter_9965\">info@millefeuilles.ch<\/div><div>\u00a0<\/div><h3><strong>Mentions l\u00e9gales<\/strong><\/h3><p>Notre site Internet s\u2019adresse \u00e0 tous les Suisses et toutes les Suissesses \u00e9tablis \u00e0 l\u2019\u00e9tranger ainsi qu\u2019\u00e0 toute personne qui s\u2019int\u00e9resse \u00e0 l\u2019\u00e9ducation suisse. Il est g\u00e9r\u00e9 par educationsuisse \u00e0 Berne.<\/p><p class=\"headLine\"><strong>Droits d\u2019auteur<br \/><\/strong>Toutes les informations, donn\u00e9es, photos ainsi que les sons contenus dans les pages Internet sont, si rien d\u2019autre n\u2019est indiqu\u00e9, la propri\u00e9t\u00e9 d\u2019educationsuisse. L\u2019ensemble du contenu est prot\u00e9g\u00e9 en application de la loi f\u00e9d\u00e9rale sur le droit d\u2019auteur (LDA) de 1992. La reproduction partielle ou int\u00e9grale, la transmission, la modification, l\u2019utilisation ou la consultation de ce site Internet \u00e0 des fins publicitaires ou commerciales sont interdites sans autorisation pr\u00e9alable d\u2019educationsuisse, Berne.<\/p><p class=\"headLine\"><strong>Restriction de la responsabilit\u00e9<br \/><\/strong>Ce site a \u00e9t\u00e9 \u00e9labor\u00e9 avec le plus grand soin. educationsuisse ne peut toutefois pas garantir l\u2019exactitude et la fiabilit\u00e9 d\u2019informations fournies pour ce site par des tiers. educationsuisse se r\u00e9serve le droit de modifier ou de compl\u00e9ter, \u00e0 tout moment et sans avis pr\u00e9alable, les informations mises \u00e0 disposition sur son site. educationsuisse n\u2019est pas responsable pour des dommages directs ou indirects, m\u00eame en cas d\u2019imprudence ou de n\u00e9gligence, qui pourraient r\u00e9sulter de l\u2019acc\u00e8s, de la consultation ou de l\u2019utilisation de ce site ou d\u2019informations figurant sur d\u2019autres sites (ou de l\u2019impossibilit\u00e9 d\u2019y acc\u00e9der, de les consulter ou de les utiliser).<\/p><p class=\"headLine\"><strong>Liens<br \/><\/strong>educationsuisse n\u2019a contr\u00f4l\u00e9 aucun des sites Internet auxquels des liens de son site renvoient, et ne porte aucune responsabilit\u00e9 ni sur le contenu de ces sites ou d\u2019autres sites qui y seraient li\u00e9s, ni sur des produits ou services offerts sur ces sites.<\/p>\t\t\t\t\t\t\t\t<\/div>\n\t\t\t\t<\/div>\n\t\t\t\t\t<\/div>\n\t\t\t\t<\/div>\n\t\t\t\t<\/div>","protected":false},"excerpt":{"rendered":"<p>educationsuisse Alpenstrasse 263006 BernSchweiz +41 (0)31 356 61 33E-Mail UIDCHE-299.701.673 Design und Realisation millefeuilles agBonnstrasse 183186 D\u00fcdingen info@millefeuilles.ch\u00a0 Gesetzliche Hinweise Unsere Website richtet sich an alle im Ausland niedergelassenen Schweizerinnen und Schweizer sowie an alle Personen mit Interesse an Schweizer Bildung. Sie wird von educationsuisse in Bern betreut. UrheberrechteAlle in den Internetseiten enthaltenen Informationen, Daten, [&hellip;]<\/p>\n","protected":false},"author":4,"featured_media":0,"parent":0,"menu_order":0,"comment_status":"closed","ping_status":"closed","template":"elementor_header_footer","meta":{"_acf_changed":false,"footnotes":""},"rubriken":[],"class_list":["post-8671","page","type-page","status-publish","hentry"],"acf":[],"_links":{"self":[{"href":"https:\/\/educationsuisse.ch\/fr\/wp-json\/wp\/v2\/pages\/8671","targetHints":{"allow":["GET"]}}],"collection":[{"href":"https:\/\/educationsuisse.ch\/fr\/wp-json\/wp\/v2\/pages"}],"about":[{"href":"https:\/\/educationsuisse.ch\/fr\/wp-json\/wp\/v2\/types\/page"}],"author":[{"embeddable":true,"href":"https:\/\/educationsuisse.ch\/fr\/wp-json\/wp\/v2\/users\/4"}],"replies":[{"embeddable":true,"href":"https:\/\/educationsuisse.ch\/fr\/wp-json\/wp\/v2\/comments?post=8671"}],"version-history":[{"count":39,"href":"https:\/\/educationsuisse.ch\/fr\/wp-json\/wp\/v2\/pages\/8671\/revisions"}],"predecessor-version":[{"id":11617,"href":"https:\/\/educationsuisse.ch\/fr\/wp-json\/wp\/v2\/pages\/8671\/revisions\/11617"}],"wp:attachment":[{"href":"https:\/\/educationsuisse.ch\/fr\/wp-json\/wp\/v2\/media?parent=8671"}],"wp:term":[{"taxonomy":"rubriken","embeddable":true,"href":"https:\/\/educationsuisse.ch\/fr\/wp-json\/wp\/v2\/rubriken?post=8671"}],"curies":[{"name":"wp","href":"https:\/\/api.w.org\/{rel}","templated":true}]}}