{"id":6619,"date":"2023-11-07T11:18:18","date_gmt":"2023-11-07T10:18:18","guid":{"rendered":"https:\/\/edu-staging.millywilly.website\/?page_id=6619"},"modified":"2023-12-09T09:47:49","modified_gmt":"2023-12-09T08:47:49","slug":"documents-de-base","status":"publish","type":"page","link":"https:\/\/educationsuisse.ch\/fr\/uber-educationsuisse\/grundsatzdokumente\/","title":{"rendered":"Documents de base"},"content":{"rendered":"<p>L'aide est apport\u00e9 par l'association <\/p>\n\n\n\n<ul class=\"wp-block-list\">\n<li>en soutenant les \u00e9coles suisses \u00e0 l'\u00e9tranger reconnues par la Conf\u00e9d\u00e9ration et les autres formes de transmission de la formation suisse<\/li>\n\n\n\n<li>en conseillant et soutenant les jeunes Suisses\u00b7ses de l'\u00e9tranger ainsi que les dipl\u00f4m\u00e9\u00b7e\u00b7s d'une \u00e9cole suisse \u00e0 l'\u00e9tranger reconnue par la Conf\u00e9d\u00e9ration en vue de la poursuite de leur formation en Suisse.<\/li>\n<\/ul>\n\n\n\n<p>Vous trouverez de plus amples informations dans les statuts de l'association et dans les textes de loi :<\/p>\n\n\n\n<div class=\"wp-block-buttons is-layout-flex wp-block-buttons-is-layout-flex\">\n<div class=\"wp-block-button\"><a class=\"wp-block-button__link wp-element-button\" href=\"https:\/\/educationsuisse.ch\/wp-content\/uploads\/2023\/11\/Statuten_educationsuisse_Juli_2018_unterschrieben.pdf\" target=\"_blank\" rel=\"noreferrer noopener\">Statuts educationsuisse (en allemand)<\/a><\/div>\n<\/div>\n\n\n\n<ul class=\"wp-block-list\">\n<li><a href=\"https:\/\/www.fedlex.admin.ch\/eli\/cc\/2014\/771\/fr\" target=\"_blank\" rel=\"noreferrer noopener\">Loi sur les \u00e9coles suisses \u00e0 l\u2019\u00e9tranger (LESE)<\/a><\/li>\n\n\n\n<li><a href=\"https:\/\/www.fedlex.admin.ch\/eli\/cc\/2014\/772\/fr\" target=\"_blank\" rel=\"noreferrer noopener\">Ordonnance sur les \u00e9coles suisses \u00e0 l\u2019\u00e9tranger (OESE)<\/a><\/li>\n<\/ul>","protected":false},"excerpt":{"rendered":"<p>Le soutien se fait en permettant \u00e0 l'association de trouver des informations suppl\u00e9mentaires dans les statuts de l'association et les textes de loi :<\/p>","protected":false},"author":22,"featured_media":0,"parent":379,"menu_order":0,"comment_status":"closed","ping_status":"closed","template":"","meta":{"_acf_changed":false,"footnotes":""},"rubriken":[293],"class_list":["post-6619","page","type-page","status-publish","hentry","rubriken-ueber-uns"],"acf":[],"_links":{"self":[{"href":"https:\/\/educationsuisse.ch\/fr\/wp-json\/wp\/v2\/pages\/6619","targetHints":{"allow":["GET"]}}],"collection":[{"href":"https:\/\/educationsuisse.ch\/fr\/wp-json\/wp\/v2\/pages"}],"about":[{"href":"https:\/\/educationsuisse.ch\/fr\/wp-json\/wp\/v2\/types\/page"}],"author":[{"embeddable":true,"href":"https:\/\/educationsuisse.ch\/fr\/wp-json\/wp\/v2\/users\/22"}],"replies":[{"embeddable":true,"href":"https:\/\/educationsuisse.ch\/fr\/wp-json\/wp\/v2\/comments?post=6619"}],"version-history":[{"count":4,"href":"https:\/\/educationsuisse.ch\/fr\/wp-json\/wp\/v2\/pages\/6619\/revisions"}],"predecessor-version":[{"id":8343,"href":"https:\/\/educationsuisse.ch\/fr\/wp-json\/wp\/v2\/pages\/6619\/revisions\/8343"}],"up":[{"embeddable":true,"href":"https:\/\/educationsuisse.ch\/fr\/wp-json\/wp\/v2\/pages\/379"}],"wp:attachment":[{"href":"https:\/\/educationsuisse.ch\/fr\/wp-json\/wp\/v2\/media?parent=6619"}],"wp:term":[{"taxonomy":"rubriken","embeddable":true,"href":"https:\/\/educationsuisse.ch\/fr\/wp-json\/wp\/v2\/rubriken?post=6619"}],"curies":[{"name":"wp","href":"https:\/\/api.w.org\/{rel}","templated":true}]}}