{"id":6573,"date":"2023-11-06T13:38:29","date_gmt":"2023-11-06T12:38:29","guid":{"rendered":"https:\/\/edu-staging.millywilly.website\/?page_id=6573"},"modified":"2024-06-25T11:31:47","modified_gmt":"2024-06-25T09:31:47","slug":"conseils-et-services","status":"publish","type":"page","link":"https:\/\/educationsuisse.ch\/fr\/ausbildung-in-der-schweiz\/beratung-und-dienstleistungen\/","title":{"rendered":"Conseils et services"},"content":{"rendered":"<p>Les conseils d'educationsuisse sont gratuits. Les collaborateur\u00b7rice\u00b7s d'educationsuisse parlent fran\u00e7ais, allemand, italien, espagnol et anglais. Il\u00b7elle\u00b7s aident \u00e0 trouver les bonnes r\u00e9ponses et offrent leur soutien pour des clarifications sp\u00e9cifiques. <\/p>\n\n\n\n<p>De nombreuses questions peuvent \u00eatre r\u00e9solues par t\u00e9l\u00e9phone ou par e-mail.<\/p>\n\n\n\n<div class=\"wp-block-buttons is-layout-flex wp-block-buttons-is-layout-flex\">\n<div class=\"wp-block-button\"><a class=\"wp-block-button__link wp-element-button\" href=\"#faq-ausbildung\">FAQ<\/a><\/div>\n<\/div>\n\n\n\n<p><strong>Notre offre<\/strong><\/p>\n\n\n\n<ul class=\"wp-block-list\">\n<li>Information sur les diff\u00e9rentes possibilit\u00e9s de formation - formation acad\u00e9mique dans les universit\u00e9s ou formation professionnelle<br><\/li>\n\n\n\n<li>Informations sur des questions sp\u00e9cifiques - conditions d'admission, connaissances linguistiques requises, d\u00e9lais d'inscription, logement, assurances, etc.<br><\/li>\n\n\n\n<li>Conseil personnalis\u00e9 sur place dans nos bureaux \u00e0 Berne ou en ligne.<br><\/li>\n\n\n\n<li>Conseil sp\u00e9cifique pour le choix d'une profession ou d'\u00e9tudes : Avec un\u00b7e conseiller\u00b7\u00e8re qualifi\u00e9\u00b7e en orientation professionnelle et universitaire du BIZ Berne (orientation professionnelle, universitaire et de carri\u00e8re en Suisse), des questions individuelles sur le choix d'une profession ou d'une fili\u00e8re sont clarifi\u00e9es en ligne ou \u00e0 Berne. <br>Ces consultations sont payantes. Inscription via info@educationsuisse.ch<br><\/li>\n\n\n\n<li>Soutien pour les demandes de bourses cantonales et suivi des dossiers (uniquement pour les Suisses\u00b7ses de l'\u00e9tranger)<br><\/li>\n\n\n\n<li>Contributions \u00e0 la formation d'educationsuisse et de fonds priv\u00e9s<\/li>\n<\/ul>\n\n\n\n<div class=\"wp-block-buttons is-layout-flex wp-block-buttons-is-layout-flex\">\n<div class=\"wp-block-button is-style-fill\"><a class=\"wp-block-button__link wp-element-button\" href=\"https:\/\/educationsuisse.ch\/wp-content\/uploads\/2024\/06\/Flyer_Ausbildung_NEU_FR.pdf\" target=\"_blank\" rel=\"noreferrer noopener\">Flyer Une formation en Suisse ? <\/a><\/div>\n<\/div>\n\n\n\n<div class=\"wp-block-buttons is-layout-flex wp-block-buttons-is-layout-flex\">\n<div class=\"wp-block-button\"><a class=\"wp-block-button__link wp-element-button\" href=\"https:\/\/educationsuisse.ch\/wp-content\/uploads\/2023\/11\/DE-Flyer-Ausbildung.pdf\">Flyer Eine Ausbildung in der Schweiz?<\/a><\/div>\n<\/div>\n\n\n\n<div class=\"wp-block-buttons is-layout-flex wp-block-buttons-is-layout-flex\">\n<div class=\"wp-block-button\"><a class=\"wp-block-button__link wp-element-button\" href=\"https:\/\/educationsuisse.ch\/wp-content\/uploads\/2024\/01\/Flyer_IT.pdf\" target=\"_blank\" rel=\"noreferrer noopener\">Flyer Una formazione in Svizzera?<\/a><\/div>\n<\/div>\n\n\n\n<div class=\"wp-block-buttons is-layout-flex wp-block-buttons-is-layout-flex\">\n<div class=\"wp-block-button\"><a class=\"wp-block-button__link wp-element-button\" href=\"https:\/\/educationsuisse.ch\/wp-content\/uploads\/2024\/01\/Flyer_ES.pdf\" target=\"_blank\" rel=\"noreferrer noopener\">Flyer Una formaci\u00f3n en Suiza?<\/a><\/div>\n<\/div>\n\n\n\n<div class=\"wp-block-buttons is-layout-flex wp-block-buttons-is-layout-flex\">\n<div class=\"wp-block-button\"><a class=\"wp-block-button__link wp-element-button\" href=\"https:\/\/educationsuisse.ch\/wp-content\/uploads\/2024\/01\/Flyer_EN.pdf\" target=\"_blank\" rel=\"noreferrer noopener\">Flyer Education in Switzerland?<\/a><\/div>\n<\/div>","protected":false},"excerpt":{"rendered":"<p>Les conseils d'educationsuisse sont gratuits. Les collaborateurs d'educationsuisse parlent allemand, fran\u00e7ais, italien, espagnol et anglais. Ils aident \u00e0 trouver les bonnes r\u00e9ponses et offrent leur soutien pour des clarifications sp\u00e9cifiques. De nombreuses questions peuvent \u00eatre clarifi\u00e9es par t\u00e9l\u00e9phone ou par e-mail. Notre offre<\/p>","protected":false},"author":22,"featured_media":0,"parent":373,"menu_order":0,"comment_status":"closed","ping_status":"closed","template":"","meta":{"_acf_changed":false,"footnotes":""},"rubriken":[296],"class_list":["post-6573","page","type-page","status-publish","hentry","rubriken-ausbildung"],"acf":[],"_links":{"self":[{"href":"https:\/\/educationsuisse.ch\/fr\/wp-json\/wp\/v2\/pages\/6573","targetHints":{"allow":["GET"]}}],"collection":[{"href":"https:\/\/educationsuisse.ch\/fr\/wp-json\/wp\/v2\/pages"}],"about":[{"href":"https:\/\/educationsuisse.ch\/fr\/wp-json\/wp\/v2\/types\/page"}],"author":[{"embeddable":true,"href":"https:\/\/educationsuisse.ch\/fr\/wp-json\/wp\/v2\/users\/22"}],"replies":[{"embeddable":true,"href":"https:\/\/educationsuisse.ch\/fr\/wp-json\/wp\/v2\/comments?post=6573"}],"version-history":[{"count":28,"href":"https:\/\/educationsuisse.ch\/fr\/wp-json\/wp\/v2\/pages\/6573\/revisions"}],"predecessor-version":[{"id":9978,"href":"https:\/\/educationsuisse.ch\/fr\/wp-json\/wp\/v2\/pages\/6573\/revisions\/9978"}],"up":[{"embeddable":true,"href":"https:\/\/educationsuisse.ch\/fr\/wp-json\/wp\/v2\/pages\/373"}],"wp:attachment":[{"href":"https:\/\/educationsuisse.ch\/fr\/wp-json\/wp\/v2\/media?parent=6573"}],"wp:term":[{"taxonomy":"rubriken","embeddable":true,"href":"https:\/\/educationsuisse.ch\/fr\/wp-json\/wp\/v2\/rubriken?post=6573"}],"curies":[{"name":"wp","href":"https:\/\/api.w.org\/{rel}","templated":true}]}}