{"id":3722,"date":"2023-10-11T14:33:18","date_gmt":"2023-10-11T12:33:18","guid":{"rendered":"https:\/\/edu-staging.millywilly.website\/?page_id=3722"},"modified":"2025-11-21T11:15:08","modified_gmt":"2025-11-21T10:15:08","slug":"le-systeme-educatif-suisse","status":"publish","type":"page","link":"https:\/\/educationsuisse.ch\/fr\/ausbildung-in-der-schweiz\/das-schweizer-bildungssystem\/","title":{"rendered":"Le syst\u00e8me de formation en suisse"},"content":{"rendered":"<p>Le syst\u00e8me de formation suisse est divis\u00e9 en plusieurs niveaux.<\/p>\n\n\n\n<figure class=\"wp-block-image size-large tlp_webp_lazyload_fix_de\"><a href=\"https:\/\/educationsuisse.ch\/wp-content\/uploads\/2023\/11\/Bildungssystem_f.jpg\"><img fetchpriority=\"high\" decoding=\"async\" width=\"1024\" height=\"733\" src=\"https:\/\/educationsuisse.ch\/wp-content\/uploads\/2023\/11\/Bildungssystem_f.jpg\" alt=\"Repr\u00e9sentation sch\u00e9matique du syst\u00e8me \u00e9ducatif en Suisse\" class=\"wp-image-7574\" srcset=\"https:\/\/educationsuisse.ch\/wp-content\/uploads\/2023\/11\/Bildungssystem_f.jpg 1122w, https:\/\/educationsuisse.ch\/wp-content\/uploads\/2023\/11\/Bildungssystem_f-300x215.jpg 300w, https:\/\/educationsuisse.ch\/wp-content\/uploads\/2023\/11\/Bildungssystem_f-1024x733.jpg 1024w, https:\/\/educationsuisse.ch\/wp-content\/uploads\/2023\/11\/Bildungssystem_f-768x550.jpg 768w, https:\/\/educationsuisse.ch\/wp-content\/uploads\/2023\/11\/Bildungssystem_f-18x12.jpg 18w\" sizes=\"(max-width: 1024px) 100vw, 1024px\" \/><\/a><figcaption class=\"wp-element-caption\">Repr\u00e9sentation sch\u00e9matique et simplifi\u00e9e du syst\u00e8me d'\u00e9ducation suisse<\/figcaption><\/figure>\n\n\n\n<figure class=\"wp-block-image size-large tlp_webp_lazyload_fix_fr\"><a href=\"https:\/\/educationsuisse.ch\/wp-content\/uploads\/2023\/11\/Bildungssystem_f.jpg\"><img decoding=\"async\" width=\"1024\" height=\"733\" src=\"https:\/\/educationsuisse.ch\/wp-content\/uploads\/2023\/11\/Bildungssystem_f.jpg\" alt=\"educationsuisse - Formation en Suisse - Syst\u00e8me de formation\" class=\"wp-image-7575\" srcset=\"https:\/\/educationsuisse.ch\/wp-content\/uploads\/2023\/11\/Bildungssystem_f.jpg 1122w, https:\/\/educationsuisse.ch\/wp-content\/uploads\/2023\/11\/Bildungssystem_f-300x215.jpg 300w, https:\/\/educationsuisse.ch\/wp-content\/uploads\/2023\/11\/Bildungssystem_f-1024x733.jpg 1024w, https:\/\/educationsuisse.ch\/wp-content\/uploads\/2023\/11\/Bildungssystem_f-768x550.jpg 768w, https:\/\/educationsuisse.ch\/wp-content\/uploads\/2023\/11\/Bildungssystem_f-18x12.jpg 18w\" sizes=\"(max-width: 1024px) 100vw, 1024px\" \/><\/a><figcaption class=\"wp-element-caption\">educationsuisse - La formation en Suisse - Syst\u00e8me de formation<\/figcaption><\/figure>\n\n\n\n<h2 class=\"wp-block-heading\"><strong>\u00c9cole enfantine - \u00e9cole primaire - degr\u00e9 secondaire I<\/strong><\/h2>\n\n\n\n<p>L'\u00e9cole obligatoire dure onze ans et comprend l'\u00e9cole primaire (y compris l'\u00e9cole enfantine) et le degr\u00e9 secondaire I. Dans toute la Suisse, l'ann\u00e9e scolaire commence en ao\u00fbt.<\/p>\n\n\n\n<h2 class=\"wp-block-heading\"><strong>Degr\u00e9 secondaire II<\/strong><\/h2>\n\n\n\n<p>Apr\u00e8s l'\u00e9cole obligatoire, les jeunes de 15 \u00e0 16 ans commencent la formation post-obligatoire, qu'il\u00b7elle\u00b7s ne sont pas oblig\u00e9\u00b7e\u00b7s de suivre, mais qui est indispensable pour une future activit\u00e9 professionnelle.<\/p>\n\n\n\n<p>Environ 70 % de tou\u00b7te\u00b7s les jeunes suivent un apprentissage professionnel, qui leur permet d'acqu\u00e9rir une exp\u00e9rience pratique dans une entreprise tout en recevant une formation scolaire. Environ 30 % de tou\u00b7te\u00b7s les jeunes fr\u00e9quentent en revanche une \u00e9cole de formation g\u00e9n\u00e9rale (\u00e9cole de culture g\u00e9n\u00e9rale ou gymnase).<\/p>\n\n\n\n<h2 class=\"wp-block-heading\"><strong>Degr\u00e9 tertiaire<\/strong><\/h2>\n\n\n\n<p>Pour les dipl\u00f4m\u00e9\u00b7e\u00b7s de l'enseignement g\u00e9n\u00e9ral, la maturit\u00e9 ouvre l'acc\u00e8s \u00e0 une haute \u00e9cole. Mais les apprenti\u00b7e\u00b7s titulaires d'une maturit\u00e9 professionnelle ont \u00e9galement acc\u00e8s \u00e0 une haute \u00e9cole sp\u00e9cialis\u00e9e. <\/p>\n\n\n\n<p>Par ailleurs, il existe de nombreuses possibilit\u00e9s pour les professionnel\u00b7le\u00b7s qui ont d\u00e9j\u00e0 acquis de l'exp\u00e9rience professionnelle d'obtenir d'autres dipl\u00f4mes reconnus.<\/p>\n\n\n\n<p>Sous la rubrique FAQ, vous trouverez des informations compl\u00e9mentaires et approfondies sur toutes vos questions.<\/p>\n\n\n\n<p><\/p>","protected":false},"excerpt":{"rendered":"<p>Das Schweizer Bildungssystem ist in verschiedene Stufen unterteilt. Kindergarten \u2013 Primarschule \u2013 Sekundarstufe I Die obligatorische Schulzeit dauert elf Jahre und umfasst die Primarschule (inkl. Kindergarten) und die Sekundarstufe l. In der ganzen Schweiz beginnt das Schuljahr im August. Sekundarstufe II Im Anschluss an die obligatorische Schule beginnt f\u00fcr die 15 bis 16-j\u00e4hrigen Jugendlichen die [&hellip;]<\/p>\n","protected":false},"author":22,"featured_media":0,"parent":373,"menu_order":0,"comment_status":"closed","ping_status":"closed","template":"","meta":{"_acf_changed":false,"footnotes":""},"rubriken":[296],"class_list":["post-3722","page","type-page","status-publish","hentry","rubriken-ausbildung"],"acf":[],"_links":{"self":[{"href":"https:\/\/educationsuisse.ch\/fr\/wp-json\/wp\/v2\/pages\/3722","targetHints":{"allow":["GET"]}}],"collection":[{"href":"https:\/\/educationsuisse.ch\/fr\/wp-json\/wp\/v2\/pages"}],"about":[{"href":"https:\/\/educationsuisse.ch\/fr\/wp-json\/wp\/v2\/types\/page"}],"author":[{"embeddable":true,"href":"https:\/\/educationsuisse.ch\/fr\/wp-json\/wp\/v2\/users\/22"}],"replies":[{"embeddable":true,"href":"https:\/\/educationsuisse.ch\/fr\/wp-json\/wp\/v2\/comments?post=3722"}],"version-history":[{"count":25,"href":"https:\/\/educationsuisse.ch\/fr\/wp-json\/wp\/v2\/pages\/3722\/revisions"}],"predecessor-version":[{"id":9117,"href":"https:\/\/educationsuisse.ch\/fr\/wp-json\/wp\/v2\/pages\/3722\/revisions\/9117"}],"up":[{"embeddable":true,"href":"https:\/\/educationsuisse.ch\/fr\/wp-json\/wp\/v2\/pages\/373"}],"wp:attachment":[{"href":"https:\/\/educationsuisse.ch\/fr\/wp-json\/wp\/v2\/media?parent=3722"}],"wp:term":[{"taxonomy":"rubriken","embeddable":true,"href":"https:\/\/educationsuisse.ch\/fr\/wp-json\/wp\/v2\/rubriken?post=3722"}],"curies":[{"name":"wp","href":"https:\/\/api.w.org\/{rel}","templated":true}]}}