{"id":3441,"date":"2023-10-09T14:27:34","date_gmt":"2023-10-09T12:27:34","guid":{"rendered":"https:\/\/edu-staging.millywilly.website\/?page_id=3441"},"modified":"2025-04-08T09:49:15","modified_gmt":"2025-04-08T07:49:15","slug":"conditions-demploi-dans-les-ecoles-suisses","status":"publish","type":"page","link":"https:\/\/educationsuisse.ch\/fr\/als-schweizer-lehrperson-ins-ausland\/anstellungsbedingungen-an-schweizerschulen\/","title":{"rendered":"Conditions d'emploi dans les \u00e9coles suisses"},"content":{"rendered":"<p>Les 17 \u00e9coles suisses \u00e0 l'\u00e9tranger sont des \u00e9coles priv\u00e9es. Leur reconnaissance par la Suisse officielle et le respect des dispositions l\u00e9gales leur donnent droit \u00e0 un soutien financier de la Conf\u00e9d\u00e9ration. <\/p>\n\n\n\n<p>Les \u00e9coles se chargent elles-m\u00eames de l'examen des candidatures \u00e9ventuelles et des contacts avec les enseignant\u00b7e\u00b7s int\u00e9ress\u00e9\u00b7e\u00b7s. Aucune liste g\u00e9n\u00e9rale de candidat\u00b7e\u00b7s n'est tenue.<\/p>\n\n\n\n<p>Les conditions suivantes s'appliquent pour un engagement en tant qu'enseignant\u00b7e suisse :<\/p>\n\n\n\n<ul class=\"wp-block-list\">\n<li>Poss\u00e9der un dipl\u00f4me d'enseignement suisse ou un dipl\u00f4me reconnu par la <a href=\"https:\/\/www.edk.ch\/fr?set_language=fr\" target=\"_blank\" rel=\"noreferrer noopener\">CDIP <\/a>brevets reconnus<\/li>\n\n\n\n<li>Exp\u00e9rience de l'enseignement en Suisse souhait\u00e9e<\/li>\n\n\n\n<li>Connaissance de la langue du pays ou volont\u00e9 de l'apprendre<\/li>\n<\/ul>","protected":false},"excerpt":{"rendered":"<p>Die 17 Schweizerschulen im Ausland sind Privatschulen. Ihre Anerkennung durch die offizielle Schweiz und die Erf\u00fcllung der Gesetzesbestimmungen berechtigen sie zu einer finanziellen Unterst\u00fctzung durch den Bund. Die Pr\u00fcfung allf\u00e4lliger Bewerbungen und die Kontakte mit interessierten Lehrkr\u00e4ften \u00fcbernehmen die Schulen selbst. Allgemeine Listen von Bewerberinnen und Bewerbern werden keine gef\u00fchrt. F\u00fcr eine Anstellung als Schweizer [&hellip;]<\/p>\n","protected":false},"author":4,"featured_media":5924,"parent":371,"menu_order":0,"comment_status":"closed","ping_status":"closed","template":"","meta":{"_acf_changed":false,"footnotes":""},"rubriken":[295],"class_list":["post-3441","page","type-page","status-publish","has-post-thumbnail","hentry","rubriken-lehrpersonen"],"acf":[],"_links":{"self":[{"href":"https:\/\/educationsuisse.ch\/fr\/wp-json\/wp\/v2\/pages\/3441","targetHints":{"allow":["GET"]}}],"collection":[{"href":"https:\/\/educationsuisse.ch\/fr\/wp-json\/wp\/v2\/pages"}],"about":[{"href":"https:\/\/educationsuisse.ch\/fr\/wp-json\/wp\/v2\/types\/page"}],"author":[{"embeddable":true,"href":"https:\/\/educationsuisse.ch\/fr\/wp-json\/wp\/v2\/users\/4"}],"replies":[{"embeddable":true,"href":"https:\/\/educationsuisse.ch\/fr\/wp-json\/wp\/v2\/comments?post=3441"}],"version-history":[{"count":24,"href":"https:\/\/educationsuisse.ch\/fr\/wp-json\/wp\/v2\/pages\/3441\/revisions"}],"predecessor-version":[{"id":10752,"href":"https:\/\/educationsuisse.ch\/fr\/wp-json\/wp\/v2\/pages\/3441\/revisions\/10752"}],"up":[{"embeddable":true,"href":"https:\/\/educationsuisse.ch\/fr\/wp-json\/wp\/v2\/pages\/371"}],"wp:featuredmedia":[{"embeddable":true,"href":"https:\/\/educationsuisse.ch\/fr\/wp-json\/wp\/v2\/media\/5924"}],"wp:attachment":[{"href":"https:\/\/educationsuisse.ch\/fr\/wp-json\/wp\/v2\/media?parent=3441"}],"wp:term":[{"taxonomy":"rubriken","embeddable":true,"href":"https:\/\/educationsuisse.ch\/fr\/wp-json\/wp\/v2\/rubriken?post=3441"}],"curies":[{"name":"wp","href":"https:\/\/api.w.org\/{rel}","templated":true}]}}