{"id":8671,"date":"2023-12-05T14:32:03","date_gmt":"2023-12-05T13:32:03","guid":{"rendered":"https:\/\/edu-staging.millywilly.website\/?page_id=8671"},"modified":"2026-02-02T16:13:02","modified_gmt":"2026-02-02T15:13:02","slug":"impressum","status":"publish","type":"page","link":"https:\/\/educationsuisse.ch\/de\/impressum\/","title":{"rendered":"Impressum"},"content":{"rendered":"\t\t<div data-elementor-type=\"wp-page\" data-elementor-id=\"8671\" class=\"elementor elementor-8671\" data-elementor-post-type=\"page\">\n\t\t\t\t<div class=\"elementor-element elementor-element-6b5f9dd e-flex e-con-boxed e-con e-parent\" data-id=\"6b5f9dd\" data-element_type=\"container\" data-e-type=\"container\" data-settings=\"{&quot;background_background&quot;:&quot;classic&quot;}\">\n\t\t\t\t\t<div class=\"e-con-inner\">\n\t\t<div class=\"elementor-element elementor-element-7a2da88 e-con-full e-flex e-con e-child\" data-id=\"7a2da88\" data-element_type=\"container\" data-e-type=\"container\">\n\t\t\t\t<div class=\"elementor-element elementor-element-f4a5b3c elementor-widget elementor-widget-theme-post-title elementor-page-title elementor-widget-heading\" data-id=\"f4a5b3c\" data-element_type=\"widget\" data-e-type=\"widget\" data-widget_type=\"theme-post-title.default\">\n\t\t\t\t<div class=\"elementor-widget-container\">\n\t\t\t\t\t<h1 class=\"elementor-heading-title elementor-size-default\">Impressum<\/h1>\t\t\t\t<\/div>\n\t\t\t\t<\/div>\n\t\t\t\t<\/div>\n\t\t<div class=\"dce-visibility-event elementor-element elementor-element-3e5ce96 e-con-full e-flex e-con e-child\" data-id=\"3e5ce96\" data-element_type=\"container\" data-e-type=\"container\" data-settings=\"{&quot;enabled_visibility&quot;:&quot;yes&quot;,&quot;dce_visibility_selected&quot;:&quot;yes&quot;}\">\n\t\t\t\t<\/div>\n\t\t\t\t\t<\/div>\n\t\t\t\t<\/div>\n\t\t<div class=\"elementor-element elementor-element-35a7745 e-flex e-con-boxed e-con e-parent\" data-id=\"35a7745\" data-element_type=\"container\" data-e-type=\"container\">\n\t\t\t\t\t<div class=\"e-con-inner\">\n\t\t\t\t<div class=\"elementor-element elementor-element-6ebd24f elementor-widget__width-initial elementor-widget elementor-widget-text-editor\" data-id=\"6ebd24f\" data-element_type=\"widget\" data-e-type=\"widget\" data-widget_type=\"text-editor.default\">\n\t\t\t\t<div class=\"elementor-widget-container\">\n\t\t\t\t\t\t\t\t\t<h3 class=\"headLine\"><strong>educationsuisse<\/strong><\/h3><p>Alpenstrasse 26<br \/>3006 Bern<br \/>Schweiz<\/p><p>+41 (0)31 356 61 33<br \/><a href=\"mailto:office@educationsuisse.ch\">E-Mail<\/a><\/p><p class=\"headLine\"><strong>UID<\/strong><br \/>CHE-299.701.673<\/p><h3><strong>Design und Realisation<\/strong><\/h3><p>millefeuilles ag<br \/>Bonnstrasse 18<br \/>3186 D\u00fcdingen<\/p><div id=\"spaceAfter_9965\">info@millefeuilles.ch<\/div><div>\u00a0<\/div><h3><strong>Gesetzliche Hinweise<\/strong><\/h3><p>Unsere Website richtet sich an alle im Ausland niedergelassenen Schweizerinnen und Schweizer sowie an alle Personen mit Interesse an Schweizer Bildung. Sie wird von educationsuisse in Bern betreut.<\/p><p class=\"headLine\"><strong>Urheberrechte<br \/><\/strong>Alle in den Internetseiten enthaltenen Informationen, Daten, Fotos und T\u00f6ne sind, wenn nicht anders erw\u00e4hnt, Eigentum von educationsuisse. Der gesamte Inhalt ist gem\u00e4ss dem Bundesgesetz \u00fcber das Urheberrecht von 1992 (URG) gesch\u00fctzt. Die teilweise oder vollst\u00e4ndige Wiedergabe, Weiterleitung, Ab\u00e4nderung, Nutzung oder Konsultation dieser Website zu \u00f6ffentlichen oder kommerziellen Zwecken ist ohne vorherige Bewilligung von educationsuisse in Bern untersagt.<\/p><p class=\"headLine\"><strong>Haftungsbeschr\u00e4nkung<br \/><\/strong>Diese Website wurde mit gr\u00f6sster Sorgfalt erstellt. educationsuisse kann jedoch nicht garantieren f\u00fcr die Genauigkeit und Zuverl\u00e4ssigkeit der von Dritten f\u00fcr ihre Site gelieferten Informationen. educationsuisse beh\u00e4lt sich das Recht vor, jederzeit und ohne vorherige Ank\u00fcndigung die auf ihrer Site zur Verf\u00fcgung gestellten Informationen abzu\u00e4ndern oder zu erg\u00e4nzen. educationsuisse haftet nicht f\u00fcr direkte oder indirekte Sch\u00e4den, auch nicht im Fall von Unvorsichtigkeit oder Fahrl\u00e4ssigkeit, die aus dem Zugriff, der Konsultation oder der Verwendung dieser Site oder von auf anderen Sites enthaltenen Informationen (oder aus dem Unverm\u00f6gen, auf sie zuzugreifen, sie zu konsultieren oder zu verwenden) entstehen.<\/p><p class=\"headLine\"><strong>Links<br \/><\/strong>educationsuisse hat keine der Websites gepr\u00fcft, auf welche die Links auf ihrer Site verweisen, und \u00fcbernimmt keinerlei Haftung weder f\u00fcr den Inhalt dieser Sites oder anderer damit verbundener Websites noch f\u00fcr die auf diesen Sites angebotenen Produkte und Dienstleistungen.<\/p>\t\t\t\t\t\t\t\t<\/div>\n\t\t\t\t<\/div>\n\t\t\t\t\t<\/div>\n\t\t\t\t<\/div>\n\t\t\t\t<\/div>\n\t\t","protected":false},"excerpt":{"rendered":"<p>educationsuisse Alpenstrasse 263006 BernSchweiz +41 (0)31 356 61 33E-Mail UIDCHE-299.701.673 Design und Realisation millefeuilles agBonnstrasse 183186 D\u00fcdingen info@millefeuilles.ch\u00a0 Gesetzliche Hinweise Unsere Website richtet sich an alle im Ausland niedergelassenen Schweizerinnen und Schweizer sowie an alle Personen mit Interesse an Schweizer Bildung. Sie wird von educationsuisse in Bern betreut. UrheberrechteAlle in den Internetseiten enthaltenen Informationen, Daten, [&hellip;]<\/p>\n","protected":false},"author":4,"featured_media":0,"parent":0,"menu_order":0,"comment_status":"closed","ping_status":"closed","template":"elementor_header_footer","meta":{"_acf_changed":false,"footnotes":""},"rubriken":[],"class_list":["post-8671","page","type-page","status-publish","hentry"],"acf":[],"_links":{"self":[{"href":"https:\/\/educationsuisse.ch\/de\/wp-json\/wp\/v2\/pages\/8671","targetHints":{"allow":["GET"]}}],"collection":[{"href":"https:\/\/educationsuisse.ch\/de\/wp-json\/wp\/v2\/pages"}],"about":[{"href":"https:\/\/educationsuisse.ch\/de\/wp-json\/wp\/v2\/types\/page"}],"author":[{"embeddable":true,"href":"https:\/\/educationsuisse.ch\/de\/wp-json\/wp\/v2\/users\/4"}],"replies":[{"embeddable":true,"href":"https:\/\/educationsuisse.ch\/de\/wp-json\/wp\/v2\/comments?post=8671"}],"version-history":[{"count":39,"href":"https:\/\/educationsuisse.ch\/de\/wp-json\/wp\/v2\/pages\/8671\/revisions"}],"predecessor-version":[{"id":11617,"href":"https:\/\/educationsuisse.ch\/de\/wp-json\/wp\/v2\/pages\/8671\/revisions\/11617"}],"wp:attachment":[{"href":"https:\/\/educationsuisse.ch\/de\/wp-json\/wp\/v2\/media?parent=8671"}],"wp:term":[{"taxonomy":"rubriken","embeddable":true,"href":"https:\/\/educationsuisse.ch\/de\/wp-json\/wp\/v2\/rubriken?post=8671"}],"curies":[{"name":"wp","href":"https:\/\/api.w.org\/{rel}","templated":true}]}}