{"id":8251,"date":"2023-11-23T09:14:20","date_gmt":"2023-11-23T08:14:20","guid":{"rendered":"https:\/\/edu-staging.millywilly.website\/?page_id=8251"},"modified":"2023-12-09T09:42:10","modified_gmt":"2023-12-09T08:42:10","slug":"funktion-und-aufgaben","status":"publish","type":"page","link":"https:\/\/educationsuisse.ch\/de\/uber-educationsuisse\/funktion-und-aufgaben\/","title":{"rendered":"Funktion und Aufgaben"},"content":{"rendered":"\n<p>Durch die Fusion mit dem ehemaligen Verein ajas per 1. Januar 2014 hat sich der Aufgabenbereich von educationsuisse erweitert: Seither wird ebenfalls Beratung rund um das Thema Ausbildung in der Schweiz angeboten. <\/p>\n\n\n\n<p>Die Funktion und Aufgaben des Vereins in seiner heutigen Form sind weitreichend und vielseitig:<\/p>\n\n\n\n<ul class=\"wp-block-list\">\n<li>Interessenvertretung der Schweizerschulen im Ausland gegen\u00fcber \u00d6ffentlichkeit, Wirtschaft und Beh\u00f6rden in der Schweiz<\/li>\n\n\n\n<li>Organisation und Durchf\u00fchrung der allj\u00e4hrlich stattfindenden Konferenz der Schweizerschulen im Ausland, die der Vernetzung und dem Erfahrungsaustausch dient<\/li>\n\n\n\n<li>Umsetzung und Weiterentwicklung des Strategiepapiers f\u00fcr die Schweizerschulen im Ausland, in dem Aufgaben in den Bereichen Politik, Unternehmensf\u00fchrung, P\u00e4dagogik sowie Kooperation und Vernetzung f\u00fcr die Zukunft formuliert sind<\/li>\n\n\n\n<li>Arbeitgeber von Schweizer Lehrpersonen an den Schulen in Europa<\/li>\n\n\n\n<li>Mitwirken bei der Netzwerkerweiterung der Schweizerschulen<\/li>\n\n\n\n<li>\u00d6ffentlichkeitsarbeit (Jahresbericht, Newsletter, Flyer, Ausk\u00fcnfte an Journalisten, Interessenwahrnehmung im Auslandschweizerrat)<\/li>\n\n\n\n<li>Bindeglied zwischen den Bildungsinstitutionen in der Schweiz und den Schweizerschulen im Ausland zur F\u00f6rderung von Innovation und Erfahrungsaustausch<\/li>\n\n\n\n<li>Unterst\u00fctzung junger Auslandschweizer:innen sowie Sch\u00fcler:innen der Schweizerschulen im Ausland, die in der Schweiz eine Ausbildung absolvieren m\u00f6chten<\/li>\n\n\n\n<li>Dokumentation, Information und Beratung rund um das Thema Ausbildung in der Schweiz<\/li>\n\n\n\n<li>Unterst\u00fctzung bei der Beantragung von kantonalen Stipendien<\/li>\n\n\n\n<li>Vertretung in der Kommission f\u00fcr die Vermittlung schweizerischer Bildung im Ausland (KVSBA)<\/li>\n\n\n\n<li>Vertretung der Anliegen der Auslandschweizer:innen an der Interkantonalen Stipendienkonferenz (IKSK)<\/li>\n<\/ul>\n\n\n\n<h2 class=\"wp-block-heading\">Administrative Dienstleistungen<\/h2>\n\n\n\n<ul class=\"wp-block-list\">\n<li>Administration der Sozialversicherungen (1. und 2. S\u00e4ule sowie Kranken- und Unfallversicherung) f\u00fcr Schweizer Lehrpersonen an Schweizerschulen im Ausland und internationalen Schulen, Bezahlung der Pr\u00e4mien und Erstellen der Abrechnungen<\/li>\n\n\n\n<li>Zahlungsverkehr im Auftrag der Schweizerschulen im Ausland und entsprechende Buchhaltung<\/li>\n\n\n\n<li>Kontakte zur Unterst\u00fctzung und Beratung der Schulen (telefonisch, E-Mail, Besuche)<\/li>\n\n\n\n<li>Kontakte mit Schweizer Tr\u00e4gervereinen und den Schweizer Lehrpersonen, welche weltweit an internationalen Schulen ein Schweizer Element in den Schulalltag einbringen (Kooperationen mit internationalen Schulen)<\/li>\n\n\n\n<li>Kontakte mit Beh\u00f6rden der Auslandsschulen von Nachbarstaaten, sowie Teilnahme an ihren Tagungen<\/li>\n\n\n\n<li>Bewirtschaftung des Internetauftritts www.educationsuisse.ch sowie des darin enthaltenen Stellenportals<\/li>\n\n\n\n<li>Betreuung von Stipendiendossiers inkl. Zahlungsverkehr<\/li>\n\n\n\n<li>Vergabe von Zusatzstipendien und Darlehen in H\u00e4rtef\u00e4llen<\/li>\n\n\n\n<li>F\u00fchrung des Vereins educationsuisse<\/li>\n\n\n\n<li>Telefonische Ausk\u00fcnfte an Eltern, Lehrpersonen und andere interessierte Personen<\/li>\n<\/ul>\n\n\n\n<h2 class=\"wp-block-heading\">R\u00fcckblick in die Geschichte beider Vereine<\/h2>\n\n\n\n<p>educationsuisse wurde im Jahr 1942 als Hilfskomitee f\u00fcr Auslandschweizerschulen gegr\u00fcndet und sp\u00e4ter in Komitee f\u00fcr Schweizer Schulen im Ausland (KSA) umbenannt. Seit dem 1. Januar 2012 heisst der Verein educationsuisse. <\/p>\n\n\n\n<p>Zwei Jahre sp\u00e4ter, im Januar 2014, fusionierte educationsuisse mit dem Verein zur F\u00f6rderung der Ausbildung junger Auslandschweizerinnen und Auslandschweizer (ajas), gegr\u00fcndet 1962 und von 1989 bis zur Fusion Teil der Auslandschweizer-Organisation swisscommunity in Bern.<\/p>\n","protected":false},"excerpt":{"rendered":"<p>Durch die Fusion mit dem ehemaligen Verein ajas per 1. Januar 2014 hat sich der Aufgabenbereich von educationsuisse erweitert: Seither wird ebenfalls Beratung rund um das Thema Ausbildung in der Schweiz angeboten. Die Funktion und Aufgaben des Vereins in seiner heutigen Form sind weitreichend und vielseitig: Administrative Dienstleistungen R\u00fcckblick in die Geschichte beider Vereine educationsuisse [&hellip;]<\/p>\n","protected":false},"author":22,"featured_media":0,"parent":379,"menu_order":0,"comment_status":"closed","ping_status":"closed","template":"","meta":{"_acf_changed":false,"footnotes":""},"rubriken":[293],"class_list":["post-8251","page","type-page","status-publish","hentry","rubriken-ueber-uns"],"acf":[],"_links":{"self":[{"href":"https:\/\/educationsuisse.ch\/de\/wp-json\/wp\/v2\/pages\/8251","targetHints":{"allow":["GET"]}}],"collection":[{"href":"https:\/\/educationsuisse.ch\/de\/wp-json\/wp\/v2\/pages"}],"about":[{"href":"https:\/\/educationsuisse.ch\/de\/wp-json\/wp\/v2\/types\/page"}],"author":[{"embeddable":true,"href":"https:\/\/educationsuisse.ch\/de\/wp-json\/wp\/v2\/users\/22"}],"replies":[{"embeddable":true,"href":"https:\/\/educationsuisse.ch\/de\/wp-json\/wp\/v2\/comments?post=8251"}],"version-history":[{"count":9,"href":"https:\/\/educationsuisse.ch\/de\/wp-json\/wp\/v2\/pages\/8251\/revisions"}],"predecessor-version":[{"id":8863,"href":"https:\/\/educationsuisse.ch\/de\/wp-json\/wp\/v2\/pages\/8251\/revisions\/8863"}],"up":[{"embeddable":true,"href":"https:\/\/educationsuisse.ch\/de\/wp-json\/wp\/v2\/pages\/379"}],"wp:attachment":[{"href":"https:\/\/educationsuisse.ch\/de\/wp-json\/wp\/v2\/media?parent=8251"}],"wp:term":[{"taxonomy":"rubriken","embeddable":true,"href":"https:\/\/educationsuisse.ch\/de\/wp-json\/wp\/v2\/rubriken?post=8251"}],"curies":[{"name":"wp","href":"https:\/\/api.w.org\/{rel}","templated":true}]}}