{"id":6619,"date":"2023-11-07T11:18:18","date_gmt":"2023-11-07T10:18:18","guid":{"rendered":"https:\/\/edu-staging.millywilly.website\/?page_id=6619"},"modified":"2023-12-09T09:47:49","modified_gmt":"2023-12-09T08:47:49","slug":"grundsatzdokumente","status":"publish","type":"page","link":"https:\/\/educationsuisse.ch\/de\/uber-educationsuisse\/grundsatzdokumente\/","title":{"rendered":"Grundsatzdokumente"},"content":{"rendered":"\n<p>Die F\u00f6rderung erfolgt, indem der Verein <\/p>\n\n\n\n<ul class=\"wp-block-list\">\n<li>die vom Bund anerkannten Schweizerschulen im Ausland und die anderen Formen der Vermittlung schweizerischer Bildung unterst\u00fctzt<\/li>\n\n\n\n<li>und junge Auslandschweizer:innen sowie Absolvent:innen einer vom Bund anerkannten Schweizerschule im Ausland im Hinblick auf die Weiterf\u00fchrung ihrer Ausbildung in der Schweiz ber\u00e4t und unterst\u00fctzt.<\/li>\n<\/ul>\n\n\n\n<p>Weitere Informationen finden Sie in den Vereinsstatuten und den Gesetzestexten:<\/p>\n\n\n\n<div class=\"wp-block-buttons is-layout-flex wp-block-buttons-is-layout-flex\">\n<div class=\"wp-block-button\"><a class=\"wp-block-button__link wp-element-button\" href=\"https:\/\/educationsuisse.ch\/wp-content\/uploads\/2023\/11\/Statuten_educationsuisse_Juli_2018_unterschrieben.pdf\" target=\"_blank\" rel=\"noreferrer noopener\">Statuten educationsuisse<\/a><\/div>\n<\/div>\n\n\n\n<ul class=\"wp-block-list\">\n<li><a href=\"https:\/\/www.fedlex.admin.ch\/eli\/cc\/2014\/771\/de\" target=\"_blank\" rel=\"noreferrer noopener\">Schweizerschulengesetz (SSchG)<\/a><\/li>\n\n\n\n<li><a href=\"https:\/\/www.fedlex.admin.ch\/eli\/cc\/2014\/772\/de\" target=\"_blank\" rel=\"noreferrer noopener\">Schweizerschulenverordnung (SSchV)<\/a><\/li>\n<\/ul>\n","protected":false},"excerpt":{"rendered":"<p>Die F\u00f6rderung erfolgt, indem der Verein Weitere Informationen finden Sie in den Vereinsstatuten und den Gesetzestexten:<\/p>\n","protected":false},"author":22,"featured_media":0,"parent":379,"menu_order":0,"comment_status":"closed","ping_status":"closed","template":"","meta":{"_acf_changed":false,"footnotes":""},"rubriken":[293],"class_list":["post-6619","page","type-page","status-publish","hentry","rubriken-ueber-uns"],"acf":[],"_links":{"self":[{"href":"https:\/\/educationsuisse.ch\/de\/wp-json\/wp\/v2\/pages\/6619","targetHints":{"allow":["GET"]}}],"collection":[{"href":"https:\/\/educationsuisse.ch\/de\/wp-json\/wp\/v2\/pages"}],"about":[{"href":"https:\/\/educationsuisse.ch\/de\/wp-json\/wp\/v2\/types\/page"}],"author":[{"embeddable":true,"href":"https:\/\/educationsuisse.ch\/de\/wp-json\/wp\/v2\/users\/22"}],"replies":[{"embeddable":true,"href":"https:\/\/educationsuisse.ch\/de\/wp-json\/wp\/v2\/comments?post=6619"}],"version-history":[{"count":4,"href":"https:\/\/educationsuisse.ch\/de\/wp-json\/wp\/v2\/pages\/6619\/revisions"}],"predecessor-version":[{"id":8343,"href":"https:\/\/educationsuisse.ch\/de\/wp-json\/wp\/v2\/pages\/6619\/revisions\/8343"}],"up":[{"embeddable":true,"href":"https:\/\/educationsuisse.ch\/de\/wp-json\/wp\/v2\/pages\/379"}],"wp:attachment":[{"href":"https:\/\/educationsuisse.ch\/de\/wp-json\/wp\/v2\/media?parent=6619"}],"wp:term":[{"taxonomy":"rubriken","embeddable":true,"href":"https:\/\/educationsuisse.ch\/de\/wp-json\/wp\/v2\/rubriken?post=6619"}],"curies":[{"name":"wp","href":"https:\/\/api.w.org\/{rel}","templated":true}]}}