{"id":6608,"date":"2023-11-07T09:46:59","date_gmt":"2023-11-07T08:46:59","guid":{"rendered":"https:\/\/edu-staging.millywilly.website\/?page_id=6608"},"modified":"2023-12-14T19:26:14","modified_gmt":"2023-12-14T18:26:14","slug":"behoerden-gesetzestexte","status":"publish","type":"page","link":"https:\/\/educationsuisse.ch\/de\/uber-educationsuisse\/behoerden-gesetzestexte\/","title":{"rendered":"Beh\u00f6rden und Gesetzestexte"},"content":{"rendered":"\n<p>Organigramm<\/p>\n\n\n\n<figure class=\"wp-block-image size-large tlp_webp_lazyload_fix_de\"><a href=\"https:\/\/educationsuisse.ch\/wp-content\/uploads\/2023\/11\/Organigramm.png\"><img fetchpriority=\"high\" decoding=\"async\" width=\"1024\" height=\"714\" src=\"https:\/\/educationsuisse.ch\/wp-content\/uploads\/2023\/11\/Organigramm-1024x714.png\" alt=\"Organigramm des Netzwerkes zwischen educationsuisse und den verschiedenen Beh\u00f6rden.\" class=\"wp-image-7948\" srcset=\"https:\/\/educationsuisse.ch\/wp-content\/uploads\/2023\/11\/Organigramm-1024x714.png 1024w, https:\/\/educationsuisse.ch\/wp-content\/uploads\/2023\/11\/Organigramm-300x209.png 300w, https:\/\/educationsuisse.ch\/wp-content\/uploads\/2023\/11\/Organigramm-768x535.png 768w, https:\/\/educationsuisse.ch\/wp-content\/uploads\/2023\/11\/Organigramm-18x12.png 18w, https:\/\/educationsuisse.ch\/wp-content\/uploads\/2023\/11\/Organigramm.png 1099w\" sizes=\"(max-width: 1024px) 100vw, 1024px\" \/><\/a><\/figure>\n\n\n\n<figure class=\"wp-block-image size-large tlp_webp_lazyload_fix_fr\"><a href=\"https:\/\/educationsuisse.ch\/wp-content\/uploads\/2023\/12\/Organigramm_F.png\"><img decoding=\"async\" width=\"1024\" height=\"718\" src=\"https:\/\/educationsuisse.ch\/wp-content\/uploads\/2023\/12\/Organigramm_F-1024x718.png\" alt=\"\" class=\"wp-image-9033\" srcset=\"https:\/\/educationsuisse.ch\/wp-content\/uploads\/2023\/12\/Organigramm_F-1024x718.png 1024w, https:\/\/educationsuisse.ch\/wp-content\/uploads\/2023\/12\/Organigramm_F-300x210.png 300w, https:\/\/educationsuisse.ch\/wp-content\/uploads\/2023\/12\/Organigramm_F-768x538.png 768w, https:\/\/educationsuisse.ch\/wp-content\/uploads\/2023\/12\/Organigramm_F-18x12.png 18w, https:\/\/educationsuisse.ch\/wp-content\/uploads\/2023\/12\/Organigramm_F.png 1103w\" sizes=\"(max-width: 1024px) 100vw, 1024px\" \/><\/a><\/figure>\n\n\n\n<h2 class=\"wp-block-heading\">Bund<\/h2>\n\n\n\n<p>Der Bundesrat ist f\u00fcr die Anerkennung der Schweizerschulen im Ausland zust\u00e4ndig. Er gibt bei parlamentarischen Vorst\u00f6ssen eine Stellungnahme ab. <\/p>\n\n\n\n<h2 class=\"wp-block-heading\">EDA \/ Schweizer Vertretung im Ausland<\/h2>\n\n\n\n<p>Das Eidgen\u00f6ssische Departement f\u00fcr ausw\u00e4rtige Angelegenheiten (EDA) unterst\u00fctzt die Schulen bei der Einhaltung der <a href=\"https:\/\/www.fedlex.admin.ch\/eli\/cc\/2014\/771\/de\" target=\"_blank\" rel=\"noopener\">gesetzlichen Vorschriften<\/a>. Delegierte der Schweizer Vertretungen im Ausland sind mit Beobachterstatus im Schulrat der jeweiligen Schule vertreten; sie sind f\u00fcr die \u00dcberwachung der Schulen vor Ort zust\u00e4nding.<\/p>\n\n\n\n<p>In der Schweiz pflegt educationsuisse den Kontakt \u00fcber die EDA-Abteilung Konsularische Direktion. Ein:e Vertreter:in dieser Abteilung wohnt jeweils auch als Gast den Vorstandssitzungen von educationsuisse bei.<\/p>\n\n\n\n<p>Im Bereich <a href=\"https:\/\/educationsuisse.ch\/schweizerschulen-im-ausland\/\">\u00abSchweizerschulen im Ausland\u00bb<\/a> wird educationsuisse vom EDA aufgrund einer Leistungsvereinbarung mit einem Bundesbeitrag unterst\u00fctzt. <\/p>\n\n\n\n<h2 class=\"wp-block-heading\">EDI \/ Bundesamt f\u00fcr Kultur<\/h2>\n\n\n\n<p>Das Eidgen\u00f6ssische Departement des Inneren (EDI) hat die Oberaufsicht und die Festlegung der Subventionskriterien inne. <\/p>\n\n\n\n<p>Im Bereich <a href=\"https:\/\/educationsuisse.ch\/ausbildung-in-der-schweiz\/\">\u00abRund um das Thema Ausbildung in der Schweiz\u00bb<\/a> wird educationsuisse mit einem Bundesbeitrag des Bundesamtes f\u00fcr Kultur (BAK) im EDI unterst\u00fctzt.<\/p>\n\n\n\n<h2 class=\"wp-block-heading\">Kommission f\u00fcr die Vermittlung schweizerischer Bildung im Ausland (KVSBA)<\/h2>\n\n\n\n<p>Die KVSBA hat eine beratende Funktion gegen\u00fcber dem Bundesamt f\u00fcr Kultur (BAK). educationsuisse ist in der Person des:r Gesch\u00e4ftsf\u00fchrers:in in dieser Kommission vertreten. <\/p>\n\n\n\n<h2 class=\"wp-block-heading\">Patronatskantone<\/h2>\n\n\n\n<p>Der oder die <a href=\"https:\/\/educationsuisse.ch\/schweizerschulen-im-ausland\/patronatskantone\/\">Patronatskantone <\/a>der jeweiligen Schweizerschule im Ausland haben die p\u00e4dagogische Aufsicht und beraten die Schulen sowohl in p\u00e4dagogischen als auch administrativen Belangen. <\/p>\n\n\n\n<div class=\"wp-block-buttons is-layout-flex wp-block-buttons-is-layout-flex\">\n<div class=\"wp-block-button\"><a class=\"wp-block-button__link wp-element-button\" href=\"https:\/\/educationsuisse.ch\/wp-content\/uploads\/2023\/11\/Statuten_educationsuisse_Juli_2018_unterschrieben.pdf\" target=\"_blank\" rel=\"noreferrer noopener\">Statuten educationsuisse<\/a><\/div>\n<\/div>\n\n\n\n<h2 class=\"wp-block-heading\">Links zu Beh\u00f6rden und Gesetzestexten<\/h2>\n\n\n\n<ul class=\"wp-block-list\">\n<li><a href=\"https:\/\/www.bak.admin.ch\/bak\/de\/home.html\" target=\"_blank\" rel=\"noreferrer noopener\">Bundesamt f\u00fcr Kultur (BAK)<\/a><\/li>\n\n\n\n<li><a href=\"https:\/\/www.bak.admin.ch\/bak\/de\/home\/sprachen-und-gesellschaft\/schweizerschulen-im-ausland\/gesuchsformulare.html\" target=\"_blank\" rel=\"noreferrer noopener\">Gesuchsunterlagen f\u00fcr Schweizerschulen<\/a><\/li>\n\n\n\n<li><a href=\"https:\/\/www.edk.ch\/de\" target=\"_blank\" rel=\"noreferrer noopener\">Konferenz der kantonalen Erziehungsdirektoren (EDK)<\/a><\/li>\n\n\n\n<li><a href=\"https:\/\/www.eda.admin.ch\/eda\/de\/home.html\" target=\"_blank\" rel=\"noreferrer noopener\">Schweizer Vertretungen im Ausland (EDA)<\/a><br>(Suche nach Vertretungen im Footer am Seitenende)<\/li>\n\n\n\n<li><a href=\"https:\/\/www.fedlex.admin.ch\/eli\/cc\/2014\/771\/de\" target=\"_blank\" rel=\"noreferrer noopener\">Bundesgesetz und Verordnung \u00fcber die Vermittlung schweizerischer Bildung im Ausland<\/a><br>(Schweizerschulengesetz, SSchG)<\/li>\n\n\n\n<li><a href=\"https:\/\/www.fedlex.admin.ch\/eli\/cc\/2014\/772\/de\" target=\"_blank\" rel=\"noreferrer noopener\">Verordnung \u00fcber die Vermittlung schweizerischer Bildung im Ausland<\/a><br>(Schweizerschulenverordnung, SSchV)<\/li>\n<\/ul>\n","protected":false},"excerpt":{"rendered":"<p>Organigramm Bund Der Bundesrat ist f\u00fcr die Anerkennung der Schweizerschulen im Ausland zust\u00e4ndig. Er gibt bei parlamentarischen Vorst\u00f6ssen eine Stellungnahme ab. EDA \/ Schweizer Vertretung im Ausland Das Eidgen\u00f6ssische Departement f\u00fcr ausw\u00e4rtige Angelegenheiten (EDA) unterst\u00fctzt die Schulen bei der Einhaltung der gesetzlichen Vorschriften. Delegierte der Schweizer Vertretungen im Ausland sind mit Beobachterstatus im Schulrat der [&hellip;]<\/p>\n","protected":false},"author":22,"featured_media":0,"parent":379,"menu_order":0,"comment_status":"closed","ping_status":"closed","template":"","meta":{"_acf_changed":false,"footnotes":""},"rubriken":[293],"class_list":["post-6608","page","type-page","status-publish","hentry","rubriken-ueber-uns"],"acf":[],"_links":{"self":[{"href":"https:\/\/educationsuisse.ch\/de\/wp-json\/wp\/v2\/pages\/6608","targetHints":{"allow":["GET"]}}],"collection":[{"href":"https:\/\/educationsuisse.ch\/de\/wp-json\/wp\/v2\/pages"}],"about":[{"href":"https:\/\/educationsuisse.ch\/de\/wp-json\/wp\/v2\/types\/page"}],"author":[{"embeddable":true,"href":"https:\/\/educationsuisse.ch\/de\/wp-json\/wp\/v2\/users\/22"}],"replies":[{"embeddable":true,"href":"https:\/\/educationsuisse.ch\/de\/wp-json\/wp\/v2\/comments?post=6608"}],"version-history":[{"count":14,"href":"https:\/\/educationsuisse.ch\/de\/wp-json\/wp\/v2\/pages\/6608\/revisions"}],"predecessor-version":[{"id":9123,"href":"https:\/\/educationsuisse.ch\/de\/wp-json\/wp\/v2\/pages\/6608\/revisions\/9123"}],"up":[{"embeddable":true,"href":"https:\/\/educationsuisse.ch\/de\/wp-json\/wp\/v2\/pages\/379"}],"wp:attachment":[{"href":"https:\/\/educationsuisse.ch\/de\/wp-json\/wp\/v2\/media?parent=6608"}],"wp:term":[{"taxonomy":"rubriken","embeddable":true,"href":"https:\/\/educationsuisse.ch\/de\/wp-json\/wp\/v2\/rubriken?post=6608"}],"curies":[{"name":"wp","href":"https:\/\/api.w.org\/{rel}","templated":true}]}}