{"id":6606,"date":"2023-11-07T09:41:44","date_gmt":"2023-11-07T08:41:44","guid":{"rendered":"https:\/\/edu-staging.millywilly.website\/?page_id=6606"},"modified":"2023-12-09T09:21:55","modified_gmt":"2023-12-09T08:21:55","slug":"geschichte","status":"publish","type":"page","link":"https:\/\/educationsuisse.ch\/de\/schweizerschulen-im-ausland\/geschichte\/","title":{"rendered":"Geschichte"},"content":{"rendered":"\n<p>Nachstehend finden Sie ausgew\u00e4hlte H\u00f6hepunkte der Geschichte der Schweizerschulen im Ausland:<\/p>\n\n\n\n<ul class=\"wp-block-list\">\n<li>1839 wurde in Neapel die erste Schweizerschule im Ausland gegr\u00fcndet; 1984 wurde sie geschlossen.<\/li>\n\n\n\n<li>Bis in die fr\u00fchen 1970er Jahre gab es zwei Schulen in \u00c4gypten: in Alexandria (1921-1971) und in Kairo (1929-1970). Diese Schulen sind bezeichnend f\u00fcr die damalige Bl\u00fctezeit schweizerischer Unternehmungen. <\/li>\n\n\n\n<li>In Florenz und Rom, wo viele Schweizer Kinder Deutsche Schulen besuchten, liessen die Erfahrungen der 1930er und 1940er Jahre den Wunsch nach eigenen Schulen aufkommen. <\/li>\n\n\n\n<li>Die im Jahre 1919 gegr\u00fcndete Schule in Barcelona hat eine bewegte Vergangenheit: Sie musste w\u00e4hrend des Spanischen B\u00fcrgerkrieges sogar vor\u00fcbergehend ihre Tore schliessen. Nach dem zweiten Weltkrieg erlebte sie jedoch einen erfreulichen Aufschwung.<\/li>\n\n\n\n<li>In S\u00fcdamerika entstanden zuerst die Schulen in Santiago de Chile, Lima und Bogot\u00e1. Die Schweizerschule in Santiago wurde 1939 als antifaschistische Alternative zur Deutschen Schule gegr\u00fcndet. <\/li>\n\n\n\n<li>In den 1960er Jahren folgten die Gr\u00fcndungen der Schweizerschulen in Rio de Janeiro <em>(seit 2007 Swiss International School der Kalaidos Bildungsgruppe)<\/em> und S\u00e3o Paulo sowie in Mexiko-Stadt. In Brasilien befanden sich zu dieser Zeit bedeutende Niederlassungen der schweizerischen Wirtschaft, wodurch die Schweizer Kolonien schnell gr\u00f6sser wurden. 1980 \u00f6ffnete eine weitere Schule in Brasilien ihre Tore: die Schweizerschule in Curitiba.<\/li>\n\n\n\n<li>Im Jahr 1992 gr\u00fcndete die Schweizerschule Mexiko-Stadt ihre erste Filialschule in Cuernavaca und 15 Jahre sp\u00e4ter eine zweite in Quer\u00e9taro.<\/li>\n\n\n\n<li>2012 verzichtete die German Swiss International School (GSIS) in Ghanas Hauptstadt Accra auf die Anerkennung als Schweizerschule. Die Auslandschweizergemeinschaft in Accra war in den letzten Jahren so stark geschrumpft, dass kein lokales Schweizer Engagement mehr vorhanden war<\/li>\n\n\n\n<li>2017 \u00f6ffnete die Swiss School Beijing ihre T\u00fcren. Der Unterricht startete damals mit einer Klasse von 8 Kindern; heute sind es 30 Sch\u00fclerinnen und Sch\u00fcler.<\/li>\n\n\n\n<li>2023 wurde die 2011 er\u00f6ffnete Schweizerschule in Cadorago von der Rahn Education Schweizer Schulen AG \u00fcbernommen. Seither geh\u00f6rt die Schule bei Como nicht mehr zur Dachorganisation der Schweizerschulen im Ausland educationsuisse.<\/li>\n<\/ul>\n\n\n\n<div class=\"wp-block-buttons is-layout-flex wp-block-buttons-is-layout-flex\">\n<div class=\"wp-block-button\"><a class=\"wp-block-button__link wp-element-button\" href=\"https:\/\/educationsuisse.ch\/schulen\/\">Die Schweizerschulen heute<\/a><\/div>\n<\/div>\n","protected":false},"excerpt":{"rendered":"<p>Nachstehend finden Sie ausgew\u00e4hlte H\u00f6hepunkte der Geschichte der Schweizerschulen im Ausland:<\/p>\n","protected":false},"author":22,"featured_media":0,"parent":369,"menu_order":0,"comment_status":"closed","ping_status":"closed","template":"","meta":{"_acf_changed":false,"footnotes":""},"rubriken":[294],"class_list":["post-6606","page","type-page","status-publish","hentry","rubriken-schweizerschulen"],"acf":[],"_links":{"self":[{"href":"https:\/\/educationsuisse.ch\/de\/wp-json\/wp\/v2\/pages\/6606","targetHints":{"allow":["GET"]}}],"collection":[{"href":"https:\/\/educationsuisse.ch\/de\/wp-json\/wp\/v2\/pages"}],"about":[{"href":"https:\/\/educationsuisse.ch\/de\/wp-json\/wp\/v2\/types\/page"}],"author":[{"embeddable":true,"href":"https:\/\/educationsuisse.ch\/de\/wp-json\/wp\/v2\/users\/22"}],"replies":[{"embeddable":true,"href":"https:\/\/educationsuisse.ch\/de\/wp-json\/wp\/v2\/comments?post=6606"}],"version-history":[{"count":11,"href":"https:\/\/educationsuisse.ch\/de\/wp-json\/wp\/v2\/pages\/6606\/revisions"}],"predecessor-version":[{"id":8860,"href":"https:\/\/educationsuisse.ch\/de\/wp-json\/wp\/v2\/pages\/6606\/revisions\/8860"}],"up":[{"embeddable":true,"href":"https:\/\/educationsuisse.ch\/de\/wp-json\/wp\/v2\/pages\/369"}],"wp:attachment":[{"href":"https:\/\/educationsuisse.ch\/de\/wp-json\/wp\/v2\/media?parent=6606"}],"wp:term":[{"taxonomy":"rubriken","embeddable":true,"href":"https:\/\/educationsuisse.ch\/de\/wp-json\/wp\/v2\/rubriken?post=6606"}],"curies":[{"name":"wp","href":"https:\/\/api.w.org\/{rel}","templated":true}]}}