{"id":6594,"date":"2023-11-07T09:24:58","date_gmt":"2023-11-07T08:24:58","guid":{"rendered":"https:\/\/edu-staging.millywilly.website\/?page_id=6594"},"modified":"2026-03-30T09:48:21","modified_gmt":"2026-03-30T07:48:21","slug":"organe","status":"publish","type":"page","link":"https:\/\/educationsuisse.ch\/de\/uber-educationsuisse\/organe\/","title":{"rendered":"Organe"},"content":{"rendered":"\n<p><strong>Die Organe von educationsuisse, dem Dachverband der Schweizerschulen im Ausland, bilden die Struktur des Dachverbands. Zu den Organen z\u00e4hlen der Vorstand, die Vereinsmitglieder und die Gesch\u00e4ftsstelle mit Sitz in Bern sowie die Revisionsstelle.<\/strong><\/p>\n\n\n\n<figure class=\"wp-block-image size-large\"><img fetchpriority=\"high\" decoding=\"async\" width=\"1024\" height=\"683\" src=\"https:\/\/educationsuisse.ch\/wp-content\/uploads\/2025\/04\/MOS4748-1024x683.jpg\" alt=\"Vorstand educationsuisse Schweizerschulen im Ausland\" class=\"wp-image-10879\" srcset=\"https:\/\/educationsuisse.ch\/wp-content\/uploads\/2025\/04\/MOS4748-1024x683.jpg 1024w, https:\/\/educationsuisse.ch\/wp-content\/uploads\/2025\/04\/MOS4748-300x200.jpg 300w, https:\/\/educationsuisse.ch\/wp-content\/uploads\/2025\/04\/MOS4748-768x512.jpg 768w, https:\/\/educationsuisse.ch\/wp-content\/uploads\/2025\/04\/MOS4748-1536x1024.jpg 1536w, https:\/\/educationsuisse.ch\/wp-content\/uploads\/2025\/04\/MOS4748-2048x1365.jpg 2048w, https:\/\/educationsuisse.ch\/wp-content\/uploads\/2025\/04\/MOS4748-18x12.jpg 18w\" sizes=\"(max-width: 1024px) 100vw, 1024px\" \/><figcaption class=\"wp-element-caption\">Vorne v. l. n. r.: Bettina Diem, Simona Brizzi, Sibylle Nathalie Gisi, Heinz Rhyn (Pr\u00e4sident), Serge K\u00fcnzler, Nicole Meier, Elena Legler Donadoni und Barbara St\u00e4uble<br>Hinten v. l. n. r.: Martin Hutzli, David Vitali (BAK), Michele Malizia (EDA), Pascal Affolter, J\u00f6rg Wiedenbach und Maurus Sommerer<br>Im Bild fehlen: Filippo Lombardi, Matthias Michel und Fiona H\u00e4usler (BAK)<\/figcaption><\/figure>\n","protected":false},"excerpt":{"rendered":"<p>Die Organe von educationsuisse, dem Dachverband der Schweizerschulen im Ausland, bilden die Struktur des Dachverbands. Zu den Organen z\u00e4hlen der Vorstand, die Vereinsmitglieder und die Gesch\u00e4ftsstelle mit Sitz in Bern sowie die Revisionsstelle.<\/p>\n","protected":false},"author":22,"featured_media":0,"parent":379,"menu_order":0,"comment_status":"closed","ping_status":"closed","template":"","meta":{"_acf_changed":false,"footnotes":""},"rubriken":[293],"class_list":["post-6594","page","type-page","status-publish","hentry","rubriken-ueber-uns"],"acf":[],"_links":{"self":[{"href":"https:\/\/educationsuisse.ch\/de\/wp-json\/wp\/v2\/pages\/6594","targetHints":{"allow":["GET"]}}],"collection":[{"href":"https:\/\/educationsuisse.ch\/de\/wp-json\/wp\/v2\/pages"}],"about":[{"href":"https:\/\/educationsuisse.ch\/de\/wp-json\/wp\/v2\/types\/page"}],"author":[{"embeddable":true,"href":"https:\/\/educationsuisse.ch\/de\/wp-json\/wp\/v2\/users\/22"}],"replies":[{"embeddable":true,"href":"https:\/\/educationsuisse.ch\/de\/wp-json\/wp\/v2\/comments?post=6594"}],"version-history":[{"count":42,"href":"https:\/\/educationsuisse.ch\/de\/wp-json\/wp\/v2\/pages\/6594\/revisions"}],"predecessor-version":[{"id":11748,"href":"https:\/\/educationsuisse.ch\/de\/wp-json\/wp\/v2\/pages\/6594\/revisions\/11748"}],"up":[{"embeddable":true,"href":"https:\/\/educationsuisse.ch\/de\/wp-json\/wp\/v2\/pages\/379"}],"wp:attachment":[{"href":"https:\/\/educationsuisse.ch\/de\/wp-json\/wp\/v2\/media?parent=6594"}],"wp:term":[{"taxonomy":"rubriken","embeddable":true,"href":"https:\/\/educationsuisse.ch\/de\/wp-json\/wp\/v2\/rubriken?post=6594"}],"curies":[{"name":"wp","href":"https:\/\/api.w.org\/{rel}","templated":true}]}}