{"id":6573,"date":"2023-11-06T13:38:29","date_gmt":"2023-11-06T12:38:29","guid":{"rendered":"https:\/\/edu-staging.millywilly.website\/?page_id=6573"},"modified":"2024-06-25T11:31:47","modified_gmt":"2024-06-25T09:31:47","slug":"beratung-und-dienstleistungen","status":"publish","type":"page","link":"https:\/\/educationsuisse.ch\/de\/ausbildung-in-der-schweiz\/beratung-und-dienstleistungen\/","title":{"rendered":"Beratung und Dienstleistungen"},"content":{"rendered":"\n<p>Die Beratung von educationsuisse ist unentgeltlich. Die Mitarbeitenden von educationsuisse sprechen Deutsch, Franz\u00f6sisch, Italienisch, Spanisch und Englisch und helfen die richtigen Antworten zu finden und bieten Unterst\u00fctzung bei spezifischen Abkl\u00e4rungen. <\/p>\n\n\n\n<p>Viele Fragen lassen sich telefonisch oder via E-Mail kl\u00e4ren.<\/p>\n\n\n\n<div class=\"wp-block-buttons is-layout-flex wp-block-buttons-is-layout-flex\">\n<div class=\"wp-block-button\"><a class=\"wp-block-button__link wp-element-button\" href=\"#faq-ausbildung\">FAQ<\/a><\/div>\n<\/div>\n\n\n\n<p><strong>Unser Angebot<\/strong><\/p>\n\n\n\n<ul class=\"wp-block-list\">\n<li>Information zu den verschiedenen Ausbildungsm\u00f6glichkeiten \u2013 akademische Ausbildung an Hochschulen oder Berufsbildung<br><\/li>\n\n\n\n<li>Information zu spezifischen Fragen \u2013 Zulassungsbedingungen, erforderliche Sprachkenntnisse, Anmeldefristen, Unterkunft, Versicherungen etc.<br><\/li>\n\n\n\n<li>Pers\u00f6nliche Beratung vor Ort in unserem B\u00fcro in Bern oder online.<br><\/li>\n\n\n\n<li>Spezifische Beratung f\u00fcr die Berufs- und Studienwahl: Mit einer qualifizierten Berufs- und Studienberaterin des BIZ Bern (Berufs-, Studien- und Laufbahnberatung Schweiz) werden online oder in Bern individuelle Fragen zur Berufs- und Studienwahl gekl\u00e4rt. <br>Diese Beratungen sind kostenpflichtig. Anmeldung \u00fcber info@educationsuisse.ch<br><\/li>\n\n\n\n<li>Unterst\u00fctzung bei Gesuchen um kantonale Stipendien und Dossierbetreuung (nur f\u00fcr Auslandschweizer:innen)<br><\/li>\n\n\n\n<li>Ausbildungsbeitr\u00e4ge von educationsuisse und privaten Fonds<\/li>\n<\/ul>\n\n\n\n<div class=\"wp-block-buttons is-layout-flex wp-block-buttons-is-layout-flex\">\n<div class=\"wp-block-button is-style-fill\"><a class=\"wp-block-button__link wp-element-button\" href=\"https:\/\/educationsuisse.ch\/wp-content\/uploads\/2023\/11\/DE-Flyer-Ausbildung.pdf\" target=\"_blank\" rel=\"noreferrer noopener\">Flyer Eine Ausbildung in der Schweiz? <\/a><\/div>\n<\/div>\n\n\n\n<div class=\"wp-block-buttons is-layout-flex wp-block-buttons-is-layout-flex\">\n<div class=\"wp-block-button\"><a class=\"wp-block-button__link wp-element-button\" href=\"https:\/\/educationsuisse.ch\/wp-content\/uploads\/2024\/06\/Flyer_Ausbildung_NEU_FR.pdf\">Flyer Une formation en Suisse?<\/a><\/div>\n<\/div>\n\n\n\n<div class=\"wp-block-buttons is-layout-flex wp-block-buttons-is-layout-flex\">\n<div class=\"wp-block-button\"><a class=\"wp-block-button__link wp-element-button\" href=\"https:\/\/educationsuisse.ch\/wp-content\/uploads\/2024\/01\/Flyer_IT.pdf\" target=\"_blank\" rel=\"noreferrer noopener\">Flyer Una formazione in Svizzera?<\/a><\/div>\n<\/div>\n\n\n\n<div class=\"wp-block-buttons is-layout-flex wp-block-buttons-is-layout-flex\">\n<div class=\"wp-block-button\"><a class=\"wp-block-button__link wp-element-button\" href=\"https:\/\/educationsuisse.ch\/wp-content\/uploads\/2024\/01\/Flyer_ES.pdf\" target=\"_blank\" rel=\"noreferrer noopener\">Flyer Una formaci\u00f3n en Suiza?<\/a><\/div>\n<\/div>\n\n\n\n<div class=\"wp-block-buttons is-layout-flex wp-block-buttons-is-layout-flex\">\n<div class=\"wp-block-button\"><a class=\"wp-block-button__link wp-element-button\" href=\"https:\/\/educationsuisse.ch\/wp-content\/uploads\/2024\/01\/Flyer_EN.pdf\" target=\"_blank\" rel=\"noreferrer noopener\">Flyer Education in Switzerland?<\/a><\/div>\n<\/div>\n","protected":false},"excerpt":{"rendered":"<p>Die Beratung von educationsuisse ist unentgeltlich. Die Mitarbeitenden von educationsuisse sprechen Deutsch, Franz\u00f6sisch, Italienisch, Spanisch und Englisch und helfen die richtigen Antworten zu finden und bieten Unterst\u00fctzung bei spezifischen Abkl\u00e4rungen. Viele Fragen lassen sich telefonisch oder via E-Mail kl\u00e4ren. Unser Angebot<\/p>\n","protected":false},"author":22,"featured_media":0,"parent":373,"menu_order":0,"comment_status":"closed","ping_status":"closed","template":"","meta":{"_acf_changed":false,"footnotes":""},"rubriken":[296],"class_list":["post-6573","page","type-page","status-publish","hentry","rubriken-ausbildung"],"acf":[],"_links":{"self":[{"href":"https:\/\/educationsuisse.ch\/de\/wp-json\/wp\/v2\/pages\/6573","targetHints":{"allow":["GET"]}}],"collection":[{"href":"https:\/\/educationsuisse.ch\/de\/wp-json\/wp\/v2\/pages"}],"about":[{"href":"https:\/\/educationsuisse.ch\/de\/wp-json\/wp\/v2\/types\/page"}],"author":[{"embeddable":true,"href":"https:\/\/educationsuisse.ch\/de\/wp-json\/wp\/v2\/users\/22"}],"replies":[{"embeddable":true,"href":"https:\/\/educationsuisse.ch\/de\/wp-json\/wp\/v2\/comments?post=6573"}],"version-history":[{"count":28,"href":"https:\/\/educationsuisse.ch\/de\/wp-json\/wp\/v2\/pages\/6573\/revisions"}],"predecessor-version":[{"id":9978,"href":"https:\/\/educationsuisse.ch\/de\/wp-json\/wp\/v2\/pages\/6573\/revisions\/9978"}],"up":[{"embeddable":true,"href":"https:\/\/educationsuisse.ch\/de\/wp-json\/wp\/v2\/pages\/373"}],"wp:attachment":[{"href":"https:\/\/educationsuisse.ch\/de\/wp-json\/wp\/v2\/media?parent=6573"}],"wp:term":[{"taxonomy":"rubriken","embeddable":true,"href":"https:\/\/educationsuisse.ch\/de\/wp-json\/wp\/v2\/rubriken?post=6573"}],"curies":[{"name":"wp","href":"https:\/\/api.w.org\/{rel}","templated":true}]}}