{"id":3441,"date":"2023-10-09T14:27:34","date_gmt":"2023-10-09T12:27:34","guid":{"rendered":"https:\/\/edu-staging.millywilly.website\/?page_id=3441"},"modified":"2025-04-08T09:49:15","modified_gmt":"2025-04-08T07:49:15","slug":"anstellungsbedingungen-an-schweizerschulen","status":"publish","type":"page","link":"https:\/\/educationsuisse.ch\/de\/als-schweizer-lehrperson-ins-ausland\/anstellungsbedingungen-an-schweizerschulen\/","title":{"rendered":"Anstellungsbedingungen an Schweizerschulen"},"content":{"rendered":"\n<p>Die 17 Schweizerschulen im Ausland sind Privatschulen. Ihre Anerkennung durch die offizielle Schweiz und die Erf\u00fcllung der Gesetzesbestimmungen berechtigen sie zu einer finanziellen Unterst\u00fctzung durch den Bund. <\/p>\n\n\n\n<p>Die Pr\u00fcfung allf\u00e4lliger Bewerbungen und die Kontakte mit interessierten Lehrkr\u00e4ften \u00fcbernehmen die Schulen selbst. Allgemeine Listen von Bewerberinnen und Bewerbern werden keine gef\u00fchrt.<\/p>\n\n\n\n<p>F\u00fcr eine Anstellung als Schweizer Lehrperson gelten folgende Bedingungen:<\/p>\n\n\n\n<ul class=\"wp-block-list\">\n<li>Besitz einer Schweizer Lehrbef\u00e4higung oder eines von der <a href=\"https:\/\/www.edk.ch\/de\" target=\"_blank\" rel=\"noreferrer noopener\">EDK <\/a>anerkannten Patents<\/li>\n\n\n\n<li>Unterrichtserfahrung in der Schweiz erw\u00fcnscht<\/li>\n\n\n\n<li>Kenntnisse der Landessprache oder Bereitschaft diese zu erlernen<\/li>\n<\/ul>\n","protected":false},"excerpt":{"rendered":"<p>Die 17 Schweizerschulen im Ausland sind Privatschulen. Ihre Anerkennung durch die offizielle Schweiz und die Erf\u00fcllung der Gesetzesbestimmungen berechtigen sie zu einer finanziellen Unterst\u00fctzung durch den Bund. Die Pr\u00fcfung allf\u00e4lliger Bewerbungen und die Kontakte mit interessierten Lehrkr\u00e4ften \u00fcbernehmen die Schulen selbst. Allgemeine Listen von Bewerberinnen und Bewerbern werden keine gef\u00fchrt. F\u00fcr eine Anstellung als Schweizer [&hellip;]<\/p>\n","protected":false},"author":4,"featured_media":5924,"parent":371,"menu_order":0,"comment_status":"closed","ping_status":"closed","template":"","meta":{"_acf_changed":false,"footnotes":""},"rubriken":[295],"class_list":["post-3441","page","type-page","status-publish","has-post-thumbnail","hentry","rubriken-lehrpersonen"],"acf":[],"_links":{"self":[{"href":"https:\/\/educationsuisse.ch\/de\/wp-json\/wp\/v2\/pages\/3441","targetHints":{"allow":["GET"]}}],"collection":[{"href":"https:\/\/educationsuisse.ch\/de\/wp-json\/wp\/v2\/pages"}],"about":[{"href":"https:\/\/educationsuisse.ch\/de\/wp-json\/wp\/v2\/types\/page"}],"author":[{"embeddable":true,"href":"https:\/\/educationsuisse.ch\/de\/wp-json\/wp\/v2\/users\/4"}],"replies":[{"embeddable":true,"href":"https:\/\/educationsuisse.ch\/de\/wp-json\/wp\/v2\/comments?post=3441"}],"version-history":[{"count":24,"href":"https:\/\/educationsuisse.ch\/de\/wp-json\/wp\/v2\/pages\/3441\/revisions"}],"predecessor-version":[{"id":10752,"href":"https:\/\/educationsuisse.ch\/de\/wp-json\/wp\/v2\/pages\/3441\/revisions\/10752"}],"up":[{"embeddable":true,"href":"https:\/\/educationsuisse.ch\/de\/wp-json\/wp\/v2\/pages\/371"}],"wp:featuredmedia":[{"embeddable":true,"href":"https:\/\/educationsuisse.ch\/de\/wp-json\/wp\/v2\/media\/5924"}],"wp:attachment":[{"href":"https:\/\/educationsuisse.ch\/de\/wp-json\/wp\/v2\/media?parent=3441"}],"wp:term":[{"taxonomy":"rubriken","embeddable":true,"href":"https:\/\/educationsuisse.ch\/de\/wp-json\/wp\/v2\/rubriken?post=3441"}],"curies":[{"name":"wp","href":"https:\/\/api.w.org\/{rel}","templated":true}]}}